{"id":6193,"date":"2025-11-12T11:59:33","date_gmt":"2025-11-12T11:59:33","guid":{"rendered":"https:\/\/ircnc.lv\/eu-fonder-projekt-och-andra-former-av-stod\/"},"modified":"2025-12-16T19:56:19","modified_gmt":"2025-12-16T19:56:19","slug":"eu-fonder-projekt-och-andra-former-av-stod","status":"publish","type":"page","link":"https:\/\/ircnc.lv\/sv\/eu-fonder-projekt-och-andra-former-av-stod\/","title":{"rendered":"EU-fonder, projekt och andra former av st\u00f6d"},"content":{"rendered":"<style>.elementor-6193 .elementor-element.elementor-element-11eb293:not(.elementor-motion-effects-element-type-background), .elementor-6193 .elementor-element.elementor-element-11eb293 > .elementor-motion-effects-container > .elementor-motion-effects-layer{background-image:url(\"https:\/\/ircnc.lv\/wp-content\/uploads\/2025\/11\/iStock-476196692-modified-f94f95b4-18dc-4167-a7f7-9143b01e6e8d.jpg\");background-position:center center;background-size:cover;}.elementor-6193 .elementor-element.elementor-element-11eb293 > .elementor-background-overlay{background-color:var( --e-global-color-accent );opacity:0.75;transition:background 0.3s, border-radius 0.3s, opacity 0.3s;}.elementor-6193 .elementor-element.elementor-element-11eb293 > .elementor-container{max-width:1170px;}.elementor-6193 .elementor-element.elementor-element-11eb293{transition:background 0.3s, border 0.3s, border-radius 0.3s, box-shadow 0.3s;padding:80px 0px 80px 0px;}.elementor-6193 .elementor-element.elementor-element-e898b9c.elementor-column > .elementor-widget-wrap{justify-content:center;}.elementor-6193 .elementor-element.elementor-element-e898b9c > .elementor-element-populated{padding:0% 21% 0% 21%;}.elementor-6193 .elementor-element.elementor-element-2b9a89a{width:var( --container-widget-width, 82.087% );max-width:82.087%;--container-widget-width:82.087%;--container-widget-flex-grow:0;text-align:center;}.elementor-6193 .elementor-element.elementor-element-2b9a89a > .elementor-widget-container{margin:0px 0px 15px 0px;}.elementor-6193 .elementor-element.elementor-element-2b9a89a.elementor-element{--flex-grow:0;--flex-shrink:0;}.elementor-6193 .elementor-element.elementor-element-2b9a89a .elementor-heading-title{font-family:var( --e-global-typography-2bda2d2-font-family ), Sans-serif;font-size:var( --e-global-typography-2bda2d2-font-size );font-weight:var( --e-global-typography-2bda2d2-font-weight );line-height:var( --e-global-typography-2bda2d2-line-height );color:var( --e-global-color-secondary );}.elementor-6193 .elementor-element.elementor-element-206bfc2{width:var( --container-widget-width, 82.087% );max-width:82.087%;--container-widget-width:82.087%;--container-widget-flex-grow:0;text-align:center;}.elementor-6193 .elementor-element.elementor-element-206bfc2 > .elementor-widget-container{margin:0px 0px 15px 0px;}.elementor-6193 .elementor-element.elementor-element-206bfc2.elementor-element{--flex-grow:0;--flex-shrink:0;}.elementor-6193 .elementor-element.elementor-element-206bfc2 .elementor-heading-title{font-family:var( --e-global-typography-2bda2d2-font-family ), Sans-serif;font-size:var( --e-global-typography-2bda2d2-font-size );font-weight:var( --e-global-typography-2bda2d2-font-weight );line-height:var( --e-global-typography-2bda2d2-line-height );color:var( --e-global-color-secondary );}.elementor-6193 .elementor-element.elementor-element-6c35b35 > .elementor-widget-container{padding:0% 3% 0% 3%;}.elementor-6193 .elementor-element.elementor-element-6c35b35{text-align:center;font-family:var( --e-global-typography-text-font-family ), Sans-serif;font-size:var( --e-global-typography-text-font-size );font-weight:var( --e-global-typography-text-font-weight );color:var( --e-global-color-secondary );}.elementor-6193 .elementor-element.elementor-element-3eb673d > .elementor-container{max-width:1170px;}.elementor-6193 .elementor-element.elementor-element-3eb673d{padding:90px 0px 0px 0px;}.elementor-6193 .elementor-element.elementor-element-63e9b79{--display:flex;--flex-direction:column;--container-widget-width:100%;--container-widget-height:initial;--container-widget-flex-grow:0;--container-widget-align-self:initial;--flex-wrap-mobile:wrap;}.ee-tooltip.ee-tooltip-10512a1.to--top,\n\t\t\t\t\t\t\t .ee-tooltip.ee-tooltip-10512a1.to--bottom{margin-left:0px;}.ee-tooltip.ee-tooltip-10512a1.to--left,\n\t\t\t\t\t\t\t .ee-tooltip.ee-tooltip-10512a1.to--right{margin-top:0px;}.elementor-6193 .elementor-element.elementor-element-10512a1 img{width:30%;}.elementor-6193 .elementor-element.elementor-element-cb2490d{--display:flex;--flex-direction:column;--container-widget-width:100%;--container-widget-height:initial;--container-widget-flex-grow:0;--container-widget-align-self:initial;--flex-wrap-mobile:wrap;}.elementor-6193 .elementor-element.elementor-element-5e73535{--display:flex;--flex-direction:column;--container-widget-width:100%;--container-widget-height:initial;--container-widget-flex-grow:0;--container-widget-align-self:initial;--flex-wrap-mobile:wrap;}.ee-tooltip.ee-tooltip-7475879.to--top,\n\t\t\t\t\t\t\t .ee-tooltip.ee-tooltip-7475879.to--bottom{margin-left:0px;}.ee-tooltip.ee-tooltip-7475879.to--left,\n\t\t\t\t\t\t\t .ee-tooltip.ee-tooltip-7475879.to--right{margin-top:0px;}.elementor-6193 .elementor-element.elementor-element-7475879 img{width:30%;}:root{--page-title-display:none;}@media(max-width:1024px){.elementor-6193 .elementor-element.elementor-element-11eb293{padding:60px 0px 60px 0px;}.elementor-6193 .elementor-element.elementor-element-e898b9c > .elementor-element-populated{margin:0px 10px 0px 10px;--e-column-margin-right:10px;--e-column-margin-left:10px;padding:0% 0% 0% 0%;}.elementor-6193 .elementor-element.elementor-element-2b9a89a .elementor-heading-title{font-size:var( --e-global-typography-2bda2d2-font-size );line-height:var( --e-global-typography-2bda2d2-line-height );}.elementor-6193 .elementor-element.elementor-element-206bfc2 .elementor-heading-title{font-size:var( --e-global-typography-2bda2d2-font-size );line-height:var( --e-global-typography-2bda2d2-line-height );}.elementor-6193 .elementor-element.elementor-element-6c35b35 > .elementor-widget-container{padding:0% 13% 0% 13%;}.elementor-6193 .elementor-element.elementor-element-6c35b35{font-size:var( --e-global-typography-text-font-size );}.elementor-6193 .elementor-element.elementor-element-3eb673d{padding:40px 10px 40px 10px;}}@media(max-width:767px){.elementor-6193 .elementor-element.elementor-element-11eb293{padding:040px 0px 40px 0px;}.elementor-6193 .elementor-element.elementor-element-e898b9c > .elementor-element-populated{margin:0px 5px 0px 5px;--e-column-margin-right:5px;--e-column-margin-left:5px;}.elementor-6193 .elementor-element.elementor-element-2b9a89a{--container-widget-width:100%;--container-widget-flex-grow:0;width:var( --container-widget-width, 100% );max-width:100%;}.elementor-6193 .elementor-element.elementor-element-2b9a89a .elementor-heading-title{font-size:var( --e-global-typography-2bda2d2-font-size );line-height:var( --e-global-typography-2bda2d2-line-height );}.elementor-6193 .elementor-element.elementor-element-206bfc2{--container-widget-width:100%;--container-widget-flex-grow:0;width:var( --container-widget-width, 100% );max-width:100%;}.elementor-6193 .elementor-element.elementor-element-206bfc2 .elementor-heading-title{font-size:var( --e-global-typography-2bda2d2-font-size );line-height:var( --e-global-typography-2bda2d2-line-height );}.elementor-6193 .elementor-element.elementor-element-6c35b35 > .elementor-widget-container{padding:0px 0px 0px 0px;}.elementor-6193 .elementor-element.elementor-element-6c35b35{font-size:var( --e-global-typography-text-font-size );}.elementor-6193 .elementor-element.elementor-element-3eb673d{padding:40px 5px 40px 5px;}}<\/style>\t\t<div data-elementor-type=\"wp-page\" data-elementor-id=\"6193\" class=\"elementor elementor-6193 elementor-5349\" data-elementor-post-type=\"page\">\n\t\t\t\t\t\t<section class=\"elementor-section elementor-top-section elementor-element elementor-element-11eb293 elementor-section-boxed elementor-section-height-default elementor-section-height-default\" data-id=\"11eb293\" data-element_type=\"section\" data-settings=\"{&quot;background_background&quot;:&quot;classic&quot;}\">\n\t\t\t\t\t\t\t<div class=\"elementor-background-overlay\"><\/div>\n\t\t\t\t\t\t\t<div class=\"elementor-container elementor-column-gap-default\">\n\t\t\t\t\t<div class=\"elementor-column elementor-col-100 elementor-top-column elementor-element elementor-element-e898b9c\" data-id=\"e898b9c\" data-element_type=\"column\">\n\t\t\t<div class=\"elementor-widget-wrap elementor-element-populated\">\n\t\t\t\t\t\t<div class=\"elementor-element elementor-element-2b9a89a elementor-widget__width-initial elementor-hidden-mobile elementor-widget elementor-widget-heading\" data-id=\"2b9a89a\" data-element_type=\"widget\" data-widget_type=\"heading.default\">\n\t\t\t\t<div class=\"elementor-widget-container\">\n\t\t\t\t\t<h1 class=\"elementor-heading-title elementor-size-default\">EU-fonder, projekt och andra former av st\u00f6d <\/h1>\t\t\t\t<\/div>\n\t\t\t\t<\/div>\n\t\t\t\t<div class=\"elementor-element elementor-element-206bfc2 elementor-widget__width-initial elementor-hidden-desktop elementor-hidden-tablet elementor-widget elementor-widget-heading\" data-id=\"206bfc2\" data-element_type=\"widget\" data-widget_type=\"heading.default\">\n\t\t\t\t<div class=\"elementor-widget-container\">\n\t\t\t\t\t<h1 class=\"elementor-heading-title elementor-size-default\"><h1 data-elementor-setting-key=\"title\" data-pen-placeholder=\"Type Here...\" style=\"font-family: Ubuntu, sans-serif;font-weight: 500;line-height: 44px;font-size: 44px;letter-spacing: normal\">EU-fonder, projekt och andra former av st\u00f6d <span style=\"font-family: Ubuntu, sans-serif;background-color: initial\"><\/span><\/h1><\/h1>\t\t\t\t<\/div>\n\t\t\t\t<\/div>\n\t\t\t\t<div class=\"elementor-element elementor-element-6c35b35 elementor-widget elementor-widget-text-editor\" data-id=\"6c35b35\" data-element_type=\"widget\" data-widget_type=\"text-editor.default\">\n\t\t\t\t<div class=\"elementor-widget-container\">\n\t\t\t\t\t\t\t\t\t<p style=\"font-family: Ubuntu, sans-serif\">F\u00f6r n\u00e4rvarande genomf\u00f6r vi f\u00f6ljande projekt.&nbsp;<\/p>\t\t\t\t\t\t\t\t<\/div>\n\t\t\t\t<\/div>\n\t\t\t\t\t<\/div>\n\t\t<\/div>\n\t\t\t\t\t<\/div>\n\t\t<\/section>\n\t\t\t\t<section class=\"elementor-section elementor-top-section elementor-element elementor-element-3eb673d elementor-section-boxed elementor-section-height-default elementor-section-height-default\" data-id=\"3eb673d\" data-element_type=\"section\">\n\t\t\t\t\t\t<div class=\"elementor-container elementor-column-gap-default\">\n\t\t\t\t\t<div class=\"elementor-column elementor-col-100 elementor-top-column elementor-element elementor-element-6704f7c\" data-id=\"6704f7c\" data-element_type=\"column\">\n\t\t\t<div class=\"elementor-widget-wrap elementor-element-populated\">\n\t\t\t\t\t\t<div class=\"elementor-element elementor-element-49aef46 elementor-widget elementor-widget-text-editor\" data-id=\"49aef46\" data-element_type=\"widget\" data-widget_type=\"text-editor.default\">\n\t\t\t\t<div class=\"elementor-widget-container\">\n\t\t\t\t\t\t\t\t\t<p style=\"margin-bottom: 6pt;text-align: justify;line-height: normal;background-image: initial;background-position: initial;background-size: initial;background-repeat: initial;background-attachment: initial;font-family: Ubuntu, sans-serif\"><span style=\"font-family: Ubuntu, sans-serif\"><span lang=\"LV\" style=\"font-family: Ubuntu, sans-serif;color: black;background-image: initial;background-position: initial;background-size: initial;background-repeat: initial;background-attachment: initial\">15.09.2025.<\/span><\/span><\/p><p style=\"margin-bottom: 6pt;text-align: justify;line-height: normal;background-image: initial;background-position: initial;background-size: initial;background-repeat: initial;background-attachment: initial;font-family: Ubuntu, sans-serif\"><span style=\"font-family: Ubuntu, sans-serif\"><span lang=\"LV\" style=\"font-family: Ubuntu, sans-serif;background-image: initial;background-position: initial;background-size: initial;background-repeat: initial;background-attachment: initial\"> <\/span><\/span><\/p><p style=\"margin-bottom: 6pt;text-align: justify;line-height: normal;background-image: initial;background-position: initial;background-size: initial;background-repeat: initial;background-attachment: initial;font-family: Ubuntu, sans-serif\"><span style=\"font-family: Ubuntu, sans-serif\"><span lang=\"LV\" style=\"font-family: Ubuntu, sans-serif;color: black;background-image: initial;background-position: initial;background-size: initial;background-repeat: initial;background-attachment: initial\">\u00c5terh\u00e4mtningsfondens verksamhetsprogram inom ramen f\u00f6r \u201dLettlands \u00e5terh\u00e4mtnings- och resiliensmekanismens plan\u201d, reform- och investeringsomr\u00e5de 5.1 \u201d\u00d6kad produktivitet genom \u00f6kade investeringar i F&amp;I\u201d, reform 5.1.1 \u201dInnovationsstyrning och motivation av privata F&amp;I-investeringar\u201d, investering 5.1.1.2.i. \u201dSt\u00f6dinstrument f\u00f6r forskning och internationalisering\u201d.   <\/span><\/span><span lang=\"LV\" style=\"font-family: Ubuntu, sans-serif;color: black\">inom ramen f\u00f6r genomf\u00f6randet av den andra omg\u00e5ngen <\/span><span lang=\"LV\" style=\"font-family: Ubuntu, sans-serif;color: black\">SIA \u201dMA\u0160\u012aNB\u016aVES KOMPETENCES CENTRS\u201d genomf\u00f6r projekt nr. fr\u00e5n den 1 juni 2024 till den 31 december 2027.     <\/span>SIA \u201dMA\u0160\u012aNB\u016aVES KOMPETENCES CENTRS\u201d genomf\u00f6r projekt nr. 5.1.1.2.i.0\/2\/24\/A\/CFLA\/008 \u201dSt\u00f6d till forskning inom Maskinbyggnadens kompetenscenter\u201d fr\u00e5n den 1 juni 2024 till den 31 december 2027.<\/p><p style=\"margin-bottom: 6pt;text-align: justify;line-height: normal;background-image: initial;background-position: initial;background-size: initial;background-repeat: initial;background-attachment: initial;font-family: Ubuntu, sans-serif\"><span lang=\"LV\" style=\"font-family: Ubuntu, sans-serif;color: black\">Inom projektet \u201dSt\u00f6d till Maskinbyggnadens kompetenscenter f\u00f6r forskning\u201d inleder SIA \u201dTermokoksne.lv\u201d och det privata aktiebolaget \u201dIR CNC\u201d den 1 juni 2025 genomf\u00f6randet av forskningsprojekt nr J.1.11 \u201dUtveckling av innovativ teknik f\u00f6r tillverkning av bandformade mallar\u201d.    <\/span><\/p><p style=\"margin-bottom: 6pt;text-align: justify;line-height: normal;background-image: initial;background-position: initial;background-size: initial;background-repeat: initial;background-attachment: initial;font-family: Ubuntu, sans-serif\"><span lang=\"LV\" style=\"font-family: Ubuntu, sans-serif;color: black\">Forskningsprojektets m\u00e5l \u00e4r<\/span><span lang=\"LV\" style=\"font-family: Ubuntu, sans-serif;color: black\"> M\u00e5let med forskningsprojektet \u00e4r att utveckla en innovativ teknik (prototyp) f\u00f6r tillverkning av bandformade mallar. Den nya teknikens st\u00f6rsta f\u00f6rdel kommer att vara dess enkelhet och anv\u00e4ndarv\u00e4nlighet.  <\/span><\/p><p style=\"margin-bottom: 6pt;text-align: justify;line-height: normal;background-image: initial;background-position: initial;background-size: initial;background-repeat: initial;background-attachment: initial;font-family: Ubuntu, sans-serif\"><span lang=\"LV\" style=\"font-family: Ubuntu, sans-serif;color: black\">Forskningsprojektet planeras att genomf\u00f6ras till och med den 31 augusti 2026. Projektets totala kostnader uppg\u00e5r till 288 450,00 EUR, varav 198 530,00 EUR finansieras av Europeiska unionens \u00e5terh\u00e4mtningsfond.    <\/span><\/p><p style=\"font-family: Ubuntu, sans-serif\"> <\/p><p style=\"margin-bottom: 6pt;text-align: justify;line-height: normal;background-image: initial;background-position: initial;background-size: initial;background-repeat: initial;background-attachment: initial;font-family: Ubuntu, sans-serif\"><span lang=\"LV\" style=\"font-family: Ubuntu, sans-serif;color: black\">Rapporteringsperioden (06.2025\u201308.2025.) genomf\u00f6rdes <\/span><span lang=\"LV\" style=\"font-family: Ubuntu, sans-serif;color: black\">Under rapporteringsperioden (06.2025\u201308.2025) genomf\u00f6rdes aktivitet 1 \u2013 \u201dStudie av principer och utformning av den tekniska l\u00f6sningen\u201d. Som resultat av aktiviteten har ett tekniskt projekt utarbetats. Det fastst\u00e4llda delm\u00e5let har uppn\u00e5tts fullt ut. <\/span><\/p><p style=\"margin-bottom: 6pt;text-align: justify;line-height: normal;background-image: initial;background-position: initial;background-size: initial;background-repeat: initial;background-attachment: initial;font-family: Ubuntu, sans-serif\"><span lang=\"LV\" style=\"font-family: Ubuntu, sans-serif;color: black\"> <\/span><\/p><p style=\"margin-bottom: 6pt;text-align: justify;line-height: normal;background-image: initial;background-position: initial;background-size: initial;background-repeat: initial;background-attachment: initial;font-family: Ubuntu, sans-serif\"><span lang=\"LV\" style=\"font-family: Ubuntu, sans-serif;color: black\"> <\/span><\/p>\t\t\t\t\t\t\t\t<\/div>\n\t\t\t\t<\/div>\n\t\t\t\t\t<\/div>\n\t\t<\/div>\n\t\t\t\t\t<\/div>\n\t\t<\/section>\n\t\t<div class=\"elementor-element elementor-element-63e9b79 e-flex e-con-boxed e-con e-parent\" data-id=\"63e9b79\" data-element_type=\"container\">\n\t\t\t\t\t<div class=\"e-con-inner\">\n\t\t\t\t<div class=\"elementor-element elementor-element-10512a1 elementor-widget elementor-widget-image\" data-id=\"10512a1\" data-element_type=\"widget\" data-widget_type=\"image.default\">\n\t\t\t\t<div class=\"elementor-widget-container\">\n\t\t\t\t\t\t\t\t\t\t\t\t\t\t\t<img fetchpriority=\"high\" decoding=\"async\" width=\"800\" height=\"459\" src=\"https:\/\/ircnc.lv\/wp-content\/uploads\/2025\/11\/es_nap-2027-1024x587.png\" class=\"attachment-large size-large wp-image-5368\" alt=\"\" srcset=\"https:\/\/ircnc.lv\/wp-content\/uploads\/2025\/11\/es_nap-2027-1024x587.png 1024w, https:\/\/ircnc.lv\/wp-content\/uploads\/2025\/11\/es_nap-2027-600x344.png 600w, https:\/\/ircnc.lv\/wp-content\/uploads\/2025\/11\/es_nap-2027-300x172.png 300w, https:\/\/ircnc.lv\/wp-content\/uploads\/2025\/11\/es_nap-2027-768x440.png 768w, https:\/\/ircnc.lv\/wp-content\/uploads\/2025\/11\/es_nap-2027.png 1500w\" sizes=\"(max-width: 800px) 100vw, 800px\" \/>\t\t\t\t\t\t\t\t\t\t\t\t\t\t\t<\/div>\n\t\t\t\t<\/div>\n\t\t\t\t\t<\/div>\n\t\t\t\t<\/div>\n\t\t<div class=\"elementor-element elementor-element-cb2490d e-flex e-con-boxed e-con e-parent\" data-id=\"cb2490d\" data-element_type=\"container\">\n\t\t\t\t\t<div class=\"e-con-inner\">\n\t\t\t\t<div class=\"elementor-element elementor-element-c3a38c0 elementor-widget elementor-widget-text-editor\" data-id=\"c3a38c0\" data-element_type=\"widget\" data-widget_type=\"text-editor.default\">\n\t\t\t\t<div class=\"elementor-widget-container\">\n\t\t\t\t\t\t\t\t\t<p>15.07.2025.<\/p><p>Inom ramen f\u00f6r \u00c5terh\u00e4mtningsfondens verksamhetsprogram \u201dGenomf\u00f6rande av den andra omg\u00e5ngen av investeringen 5.1.1.2.i. \u2019St\u00f6dinstrument f\u00f6r forskning och internationalisering\u2019 inom reform- och investeringsriktningen 5.1 i \u2019Latvijas \u00e5terh\u00e4mtnings- och resiliensmekanismplan\u2019 \u2013 \u2019\u00d6kad produktivitet genom \u00f6kade FoU-investeringar\u2019, reformen 5.1.1.r. \u2019Innovationsstyrning och motivation av privata FoU-investeringar\u2019, genomf\u00f6r SIA \u201dMA\u0160\u012aNB\u016aVES KOMPETENCES CENTRS\u201d projekt nr. 5.1.1.2.i.0\/2\/24\/A\/CFLA\/008 \u201dSt\u00f6d till forskning vid maskinbyggnadens kompetenscenter\u201d under perioden 1 juni 2024 till 31 december 2027.      <\/p><p>Inom projektet \u201dSt\u00f6d till forskning vid Maskinbyggnadens kompetenscenter\u201d inleder SIA \u201dTermokoksne.lv\u201d och aktiebolaget \u201dIR CNC\u201d den 1 juni 2025 genomf\u00f6randet av forskningsprojekt nr J.1.11 \u201dUtveckling av innovativ teknik f\u00f6r tillverkning av bandformade mallar\u201d.   <\/p><p>M\u00e5let med forskningsprojektet \u00e4r att utveckla en innovativ teknik (prototyp) f\u00f6r tillverkning av bandformade mallar. Den nya teknikens st\u00f6rsta f\u00f6rdel kommer att vara dess enkelhet och anv\u00e4ndarv\u00e4nlighet. Processen kr\u00e4ver inga specifika tekniska kunskaper eller erfarenhet inom byggnation, vilket g\u00f6r den tillg\u00e4nglig f\u00f6r en bredare anv\u00e4ndargrupp. Tack vare detta kan l\u00f6sningen anv\u00e4ndas inte bara av professionella byggare utan \u00e4ven av personer utan f\u00f6rkunskaper inom v\u00e4ggdekoration. Detta m\u00f6jligg\u00f6r en betydande utvidgning av anv\u00e4ndningsomr\u00e5det \u2013 fr\u00e5n kommersiella bygg- och renoveringsprojekt till individuella f\u00f6rb\u00e4ttringar i hemmet.    <\/p><p>Forskningsprojektet planeras att genomf\u00f6ras till och med den 31 augusti 2026. Projektets totala kostnader uppg\u00e5r till 288 450,00 EUR, varav 198 530,00 EUR finansieras av Europeiska unionens \u00e5terh\u00e4mtningsfond.    <\/p>\t\t\t\t\t\t\t\t<\/div>\n\t\t\t\t<\/div>\n\t\t\t\t\t<\/div>\n\t\t\t\t<\/div>\n\t\t<div class=\"elementor-element elementor-element-5e73535 e-flex e-con-boxed e-con e-parent\" data-id=\"5e73535\" data-element_type=\"container\">\n\t\t\t\t\t<div class=\"e-con-inner\">\n\t\t\t\t<div class=\"elementor-element elementor-element-7475879 elementor-widget elementor-widget-image\" data-id=\"7475879\" data-element_type=\"widget\" data-widget_type=\"image.default\">\n\t\t\t\t<div class=\"elementor-widget-container\">\n\t\t\t\t\t\t\t\t\t\t\t\t\t\t\t<img fetchpriority=\"high\" decoding=\"async\" width=\"800\" height=\"459\" src=\"https:\/\/ircnc.lv\/wp-content\/uploads\/2025\/11\/es_nap-2027-1024x587.png\" class=\"attachment-large size-large wp-image-5368\" alt=\"\" srcset=\"https:\/\/ircnc.lv\/wp-content\/uploads\/2025\/11\/es_nap-2027-1024x587.png 1024w, https:\/\/ircnc.lv\/wp-content\/uploads\/2025\/11\/es_nap-2027-600x344.png 600w, https:\/\/ircnc.lv\/wp-content\/uploads\/2025\/11\/es_nap-2027-300x172.png 300w, https:\/\/ircnc.lv\/wp-content\/uploads\/2025\/11\/es_nap-2027-768x440.png 768w, https:\/\/ircnc.lv\/wp-content\/uploads\/2025\/11\/es_nap-2027.png 1500w\" sizes=\"(max-width: 800px) 100vw, 800px\" \/>\t\t\t\t\t\t\t\t\t\t\t\t\t\t\t<\/div>\n\t\t\t\t<\/div>\n\t\t\t\t\t<\/div>\n\t\t\t\t<\/div>\n\t\t\t\t<\/div>\n\t\t","protected":false},"excerpt":{"rendered":"<p>EU-fonder, projekt och andra former av st\u00f6d EU-fonder, projekt och andra former av st\u00f6d F\u00f6r n\u00e4rvarande genomf\u00f6r vi f\u00f6ljande projekt.&nbsp; 15.09.2025. \u00c5terh\u00e4mtningsfondens verksamhetsprogram inom ramen f\u00f6r \u201dLettlands \u00e5terh\u00e4mtnings- och resiliensmekanismens plan\u201d, reform- och investeringsomr\u00e5de 5.1 \u201d\u00d6kad produktivitet genom \u00f6kade investeringar i F&amp;I\u201d, reform 5.1.1 \u201dInnovationsstyrning och motivation av privata F&amp;I-investeringar\u201d, investering 5.1.1.2.i. \u201dSt\u00f6dinstrument f\u00f6r forskning [&hellip;]<\/p>\n","protected":false},"author":2,"featured_media":0,"parent":0,"menu_order":0,"comment_status":"closed","ping_status":"closed","template":"","meta":{"footnotes":""},"class_list":["post-6193","page","type-page","status-publish","hentry"],"jetpack_sharing_enabled":true,"_links":{"self":[{"href":"https:\/\/ircnc.lv\/sv\/wp-json\/wp\/v2\/pages\/6193","targetHints":{"allow":["GET"]}}],"collection":[{"href":"https:\/\/ircnc.lv\/sv\/wp-json\/wp\/v2\/pages"}],"about":[{"href":"https:\/\/ircnc.lv\/sv\/wp-json\/wp\/v2\/types\/page"}],"author":[{"embeddable":true,"href":"https:\/\/ircnc.lv\/sv\/wp-json\/wp\/v2\/users\/2"}],"replies":[{"embeddable":true,"href":"https:\/\/ircnc.lv\/sv\/wp-json\/wp\/v2\/comments?post=6193"}],"version-history":[{"count":1,"href":"https:\/\/ircnc.lv\/sv\/wp-json\/wp\/v2\/pages\/6193\/revisions"}],"predecessor-version":[{"id":6194,"href":"https:\/\/ircnc.lv\/sv\/wp-json\/wp\/v2\/pages\/6193\/revisions\/6194"}],"wp:attachment":[{"href":"https:\/\/ircnc.lv\/sv\/wp-json\/wp\/v2\/media?parent=6193"}],"curies":[{"name":"wp","href":"https:\/\/api.w.org\/{rel}","templated":true}]}}