{"id":6190,"date":"2025-11-12T11:59:33","date_gmt":"2025-11-12T11:59:33","guid":{"rendered":"https:\/\/ircnc.lv\/eli-fondid-projektid-ja-muud-liiki-toetus\/"},"modified":"2026-01-27T11:10:00","modified_gmt":"2026-01-27T11:10:00","slug":"eli-fondid-projektid-ja-muud-liiki-toetus","status":"publish","type":"page","link":"https:\/\/ircnc.lv\/et\/eli-fondid-projektid-ja-muud-liiki-toetus\/","title":{"rendered":"ELi fondid, projektid ja muud liiki toetus"},"content":{"rendered":"<style>.elementor-6190 .elementor-element.elementor-element-11eb293:not(.elementor-motion-effects-element-type-background), .elementor-6190 .elementor-element.elementor-element-11eb293 > .elementor-motion-effects-container > .elementor-motion-effects-layer{background-image:url(\"https:\/\/ircnc.lv\/wp-content\/uploads\/2025\/11\/iStock-476196692-modified-f94f95b4-18dc-4167-a7f7-9143b01e6e8d.jpg\");background-position:center center;background-size:cover;}.elementor-6190 .elementor-element.elementor-element-11eb293 > .elementor-background-overlay{background-color:var( --e-global-color-accent );opacity:0.75;transition:background 0.3s, border-radius 0.3s, opacity 0.3s;}.elementor-6190 .elementor-element.elementor-element-11eb293 > .elementor-container{max-width:1170px;}.elementor-6190 .elementor-element.elementor-element-11eb293{transition:background 0.3s, border 0.3s, border-radius 0.3s, box-shadow 0.3s;padding:80px 0px 80px 0px;}.elementor-6190 .elementor-element.elementor-element-e898b9c.elementor-column > .elementor-widget-wrap{justify-content:center;}.elementor-6190 .elementor-element.elementor-element-e898b9c > .elementor-element-populated{padding:0% 21% 0% 21%;}.elementor-6190 .elementor-element.elementor-element-2b9a89a{width:var( --container-widget-width, 82.087% );max-width:82.087%;--container-widget-width:82.087%;--container-widget-flex-grow:0;text-align:center;}.elementor-6190 .elementor-element.elementor-element-2b9a89a > .elementor-widget-container{margin:0px 0px 15px 0px;}.elementor-6190 .elementor-element.elementor-element-2b9a89a.elementor-element{--flex-grow:0;--flex-shrink:0;}.elementor-6190 .elementor-element.elementor-element-2b9a89a .elementor-heading-title{font-family:var( --e-global-typography-2bda2d2-font-family ), Sans-serif;font-size:var( --e-global-typography-2bda2d2-font-size );font-weight:var( --e-global-typography-2bda2d2-font-weight );line-height:var( --e-global-typography-2bda2d2-line-height );color:var( --e-global-color-secondary );}.elementor-6190 .elementor-element.elementor-element-206bfc2{width:var( --container-widget-width, 82.087% );max-width:82.087%;--container-widget-width:82.087%;--container-widget-flex-grow:0;text-align:center;}.elementor-6190 .elementor-element.elementor-element-206bfc2 > .elementor-widget-container{margin:0px 0px 15px 0px;}.elementor-6190 .elementor-element.elementor-element-206bfc2.elementor-element{--flex-grow:0;--flex-shrink:0;}.elementor-6190 .elementor-element.elementor-element-206bfc2 .elementor-heading-title{font-family:var( --e-global-typography-2bda2d2-font-family ), Sans-serif;font-size:var( --e-global-typography-2bda2d2-font-size );font-weight:var( --e-global-typography-2bda2d2-font-weight );line-height:var( --e-global-typography-2bda2d2-line-height );color:var( --e-global-color-secondary );}.elementor-6190 .elementor-element.elementor-element-6c35b35 > .elementor-widget-container{padding:0% 3% 0% 3%;}.elementor-6190 .elementor-element.elementor-element-6c35b35{text-align:center;font-family:var( --e-global-typography-text-font-family ), Sans-serif;font-size:var( --e-global-typography-text-font-size );font-weight:var( --e-global-typography-text-font-weight );color:var( --e-global-color-secondary );}.elementor-6190 .elementor-element.elementor-element-3eb673d > .elementor-container{max-width:1170px;}.elementor-6190 .elementor-element.elementor-element-3eb673d{padding:90px 0px 0px 0px;}.elementor-6190 .elementor-element.elementor-element-63e9b79{--display:flex;--flex-direction:column;--container-widget-width:100%;--container-widget-height:initial;--container-widget-flex-grow:0;--container-widget-align-self:initial;--flex-wrap-mobile:wrap;}.ee-tooltip.ee-tooltip-10512a1.to--top,\n\t\t\t\t\t\t\t .ee-tooltip.ee-tooltip-10512a1.to--bottom{margin-left:0px;}.ee-tooltip.ee-tooltip-10512a1.to--left,\n\t\t\t\t\t\t\t .ee-tooltip.ee-tooltip-10512a1.to--right{margin-top:0px;}.elementor-6190 .elementor-element.elementor-element-10512a1 img{width:30%;}.elementor-6190 .elementor-element.elementor-element-cb2490d{--display:flex;--flex-direction:column;--container-widget-width:100%;--container-widget-height:initial;--container-widget-flex-grow:0;--container-widget-align-self:initial;--flex-wrap-mobile:wrap;}.elementor-6190 .elementor-element.elementor-element-5e73535{--display:flex;--flex-direction:column;--container-widget-width:100%;--container-widget-height:initial;--container-widget-flex-grow:0;--container-widget-align-self:initial;--flex-wrap-mobile:wrap;}.ee-tooltip.ee-tooltip-7475879.to--top,\n\t\t\t\t\t\t\t .ee-tooltip.ee-tooltip-7475879.to--bottom{margin-left:0px;}.ee-tooltip.ee-tooltip-7475879.to--left,\n\t\t\t\t\t\t\t .ee-tooltip.ee-tooltip-7475879.to--right{margin-top:0px;}.elementor-6190 .elementor-element.elementor-element-7475879 img{width:30%;}.elementor-6190 .elementor-element.elementor-element-c487b96{--display:flex;--flex-direction:column;--container-widget-width:100%;--container-widget-height:initial;--container-widget-flex-grow:0;--container-widget-align-self:initial;--flex-wrap-mobile:wrap;}.elementor-6190 .elementor-element.elementor-element-0bd1168{--display:flex;--flex-direction:column;--container-widget-width:100%;--container-widget-height:initial;--container-widget-flex-grow:0;--container-widget-align-self:initial;--flex-wrap-mobile:wrap;}.ee-tooltip.ee-tooltip-93f39ea.to--top,\n\t\t\t\t\t\t\t .ee-tooltip.ee-tooltip-93f39ea.to--bottom{margin-left:0px;}.ee-tooltip.ee-tooltip-93f39ea.to--left,\n\t\t\t\t\t\t\t .ee-tooltip.ee-tooltip-93f39ea.to--right{margin-top:0px;}:root{--page-title-display:none;}@media(max-width:1024px){.elementor-6190 .elementor-element.elementor-element-11eb293{padding:60px 0px 60px 0px;}.elementor-6190 .elementor-element.elementor-element-e898b9c > .elementor-element-populated{margin:0px 10px 0px 10px;--e-column-margin-right:10px;--e-column-margin-left:10px;padding:0% 0% 0% 0%;}.elementor-6190 .elementor-element.elementor-element-2b9a89a .elementor-heading-title{font-size:var( --e-global-typography-2bda2d2-font-size );line-height:var( --e-global-typography-2bda2d2-line-height );}.elementor-6190 .elementor-element.elementor-element-206bfc2 .elementor-heading-title{font-size:var( --e-global-typography-2bda2d2-font-size );line-height:var( --e-global-typography-2bda2d2-line-height );}.elementor-6190 .elementor-element.elementor-element-6c35b35 > .elementor-widget-container{padding:0% 13% 0% 13%;}.elementor-6190 .elementor-element.elementor-element-6c35b35{font-size:var( --e-global-typography-text-font-size );}.elementor-6190 .elementor-element.elementor-element-3eb673d{padding:40px 10px 40px 10px;}}@media(max-width:767px){.elementor-6190 .elementor-element.elementor-element-11eb293{padding:040px 0px 40px 0px;}.elementor-6190 .elementor-element.elementor-element-e898b9c > .elementor-element-populated{margin:0px 5px 0px 5px;--e-column-margin-right:5px;--e-column-margin-left:5px;}.elementor-6190 .elementor-element.elementor-element-2b9a89a{--container-widget-width:100%;--container-widget-flex-grow:0;width:var( --container-widget-width, 100% );max-width:100%;}.elementor-6190 .elementor-element.elementor-element-2b9a89a .elementor-heading-title{font-size:var( --e-global-typography-2bda2d2-font-size );line-height:var( --e-global-typography-2bda2d2-line-height );}.elementor-6190 .elementor-element.elementor-element-206bfc2{--container-widget-width:100%;--container-widget-flex-grow:0;width:var( --container-widget-width, 100% );max-width:100%;}.elementor-6190 .elementor-element.elementor-element-206bfc2 .elementor-heading-title{font-size:var( --e-global-typography-2bda2d2-font-size );line-height:var( --e-global-typography-2bda2d2-line-height );}.elementor-6190 .elementor-element.elementor-element-6c35b35 > .elementor-widget-container{padding:0px 0px 0px 0px;}.elementor-6190 .elementor-element.elementor-element-6c35b35{font-size:var( --e-global-typography-text-font-size );}.elementor-6190 .elementor-element.elementor-element-3eb673d{padding:40px 5px 40px 5px;}}<\/style>\t\t<div data-elementor-type=\"wp-page\" data-elementor-id=\"6190\" class=\"elementor elementor-6190 elementor-5349\" data-elementor-post-type=\"page\">\n\t\t\t\t\t\t<section class=\"elementor-section elementor-top-section elementor-element elementor-element-11eb293 elementor-section-boxed elementor-section-height-default elementor-section-height-default\" data-id=\"11eb293\" data-element_type=\"section\" data-settings=\"{&quot;background_background&quot;:&quot;classic&quot;}\">\n\t\t\t\t\t\t\t<div class=\"elementor-background-overlay\"><\/div>\n\t\t\t\t\t\t\t<div class=\"elementor-container elementor-column-gap-default\">\n\t\t\t\t\t<div class=\"elementor-column elementor-col-100 elementor-top-column elementor-element elementor-element-e898b9c\" data-id=\"e898b9c\" data-element_type=\"column\">\n\t\t\t<div class=\"elementor-widget-wrap elementor-element-populated\">\n\t\t\t\t\t\t<div class=\"elementor-element elementor-element-2b9a89a elementor-widget__width-initial elementor-hidden-mobile elementor-widget elementor-widget-heading\" data-id=\"2b9a89a\" data-element_type=\"widget\" data-widget_type=\"heading.default\">\n\t\t\t\t<div class=\"elementor-widget-container\">\n\t\t\t\t\t<h1 class=\"elementor-heading-title elementor-size-default\">ELi fondid, projektid ja muud liiki toetus <\/h1>\t\t\t\t<\/div>\n\t\t\t\t<\/div>\n\t\t\t\t<div class=\"elementor-element elementor-element-206bfc2 elementor-widget__width-initial elementor-hidden-desktop elementor-hidden-tablet elementor-widget elementor-widget-heading\" data-id=\"206bfc2\" data-element_type=\"widget\" data-widget_type=\"heading.default\">\n\t\t\t\t<div class=\"elementor-widget-container\">\n\t\t\t\t\t<h1 class=\"elementor-heading-title elementor-size-default\"><h1 data-elementor-setting-key=\"title\" data-pen-placeholder=\"Type Here...\" style=\"font-family: Ubuntu, sans-serif;font-weight: 500;line-height: 44px;font-size: 44px;letter-spacing: normal\">ELi fondid, projektid ja muud liiki toetus <span style=\"font-family: Ubuntu, sans-serif;background-color: initial\"><\/span><\/h1><\/h1>\t\t\t\t<\/div>\n\t\t\t\t<\/div>\n\t\t\t\t<div class=\"elementor-element elementor-element-6c35b35 elementor-widget elementor-widget-text-editor\" data-id=\"6c35b35\" data-element_type=\"widget\" data-widget_type=\"text-editor.default\">\n\t\t\t\t<div class=\"elementor-widget-container\">\n\t\t\t\t\t\t\t\t\t<p style=\"font-family: Ubuntu, sans-serif\">Praegu viime ellu j\u00e4rgmisi projekte.&nbsp;<\/p>\t\t\t\t\t\t\t\t<\/div>\n\t\t\t\t<\/div>\n\t\t\t\t\t<\/div>\n\t\t<\/div>\n\t\t\t\t\t<\/div>\n\t\t<\/section>\n\t\t\t\t<section class=\"elementor-section elementor-top-section elementor-element elementor-element-3eb673d elementor-section-boxed elementor-section-height-default elementor-section-height-default\" data-id=\"3eb673d\" data-element_type=\"section\">\n\t\t\t\t\t\t<div class=\"elementor-container elementor-column-gap-default\">\n\t\t\t\t\t<div class=\"elementor-column elementor-col-100 elementor-top-column elementor-element elementor-element-6704f7c\" data-id=\"6704f7c\" data-element_type=\"column\">\n\t\t\t<div class=\"elementor-widget-wrap elementor-element-populated\">\n\t\t\t\t\t\t<div class=\"elementor-element elementor-element-49aef46 elementor-widget elementor-widget-text-editor\" data-id=\"49aef46\" data-element_type=\"widget\" data-widget_type=\"text-editor.default\">\n\t\t\t\t<div class=\"elementor-widget-container\">\n\t\t\t\t\t\t\t\t\t<p style=\"margin-bottom: 6pt;text-align: justify;line-height: normal;background-image: initial;background-position: initial;background-size: initial;background-repeat: initial;background-attachment: initial;font-family: Ubuntu, sans-serif\"><span style=\"font-family: Ubuntu, sans-serif\"><span lang=\"LV\" style=\"font-family: Ubuntu, sans-serif;color: black;background-image: initial;background-position: initial;background-size: initial;background-repeat: initial;background-attachment: initial\">15.09.2025.<\/span><\/span><\/p><p style=\"margin-bottom: 6pt;text-align: justify;line-height: normal;background-image: initial;background-position: initial;background-size: initial;background-repeat: initial;background-attachment: initial;font-family: Ubuntu, sans-serif\"><span style=\"font-family: Ubuntu, sans-serif\"><span lang=\"LV\" style=\"font-family: Ubuntu, sans-serif;background-image: initial;background-position: initial;background-size: initial;background-repeat: initial;background-attachment: initial\"> <\/span><\/span><\/p><p style=\"margin-bottom: 6pt;text-align: justify;line-height: normal;background-image: initial;background-position: initial;background-size: initial;background-repeat: initial;background-attachment: initial;font-family: Ubuntu, sans-serif\"><span style=\"font-family: Ubuntu, sans-serif\"><span lang=\"LV\" style=\"font-family: Ubuntu, sans-serif;color: black;background-image: initial;background-position: initial;background-size: initial;background-repeat: initial;background-attachment: initial\">Atvese\u013co\u0161anas fondi tegevusprogrammi \u201eL\u00e4ti taaste- ja vastupidavusmehhanismi plaani\u201c 5.1. reformi ja investeeringute suuna \u201eTootlikkuse suurendamine investeeringute mahu kasvatamise kaudu teadus- ja arendustegevusse\u201c 5.1.1. reformi \u201eInnovatsioonijuhtimine ja erasektori teadus- ja arendustegevuse investeeringute motiveerimine\u201c 5.1.1.2.i investeering \u201eTeadus- ja arendustegevuse ning rahvusvahelistumise toetusinstrument\u201c.   <\/span><\/span><span lang=\"LV\" style=\"font-family: Ubuntu, sans-serif;color: black\">teise vooru elluviimise raames <\/span><span lang=\"LV\" style=\"font-family: Ubuntu, sans-serif;color: black\">SIA \u201eMA\u0160\u012aNB\u016aVES KOMPETENCES CENTRS\u201c viib ajavahemikus 1. juuni 2024 kuni 31. detsember 2027 ellu projekti nr.     <\/span>5.1.1.2.i.0\/2\/24\/A\/CFLA\/008 \u201eMasinaehituse kompetentsikeskuse toetus teadusuuringutele\u201c.<\/p><p style=\"margin-bottom: 6pt;text-align: justify;line-height: normal;background-image: initial;background-position: initial;background-size: initial;background-repeat: initial;background-attachment: initial;font-family: Ubuntu, sans-serif\"><span lang=\"LV\" style=\"font-family: Ubuntu, sans-serif;color: black\">Projekti \u201eMasinaehituse kompetentsikeskuse toetus teadusuuringutele\u201c raames alustavad SIA \u201cTermokoksne.lv\u201d ja osa\u00fching \u201cIR CNC\u201d 1. juunil 2025 teadusprojekti nr J.1.11 \u201eInnovaatilise lint\u0161abloonide valmistamise tehnoloogia v\u00e4ljat\u00f6\u00f6tamine\u201c elluviimist.    <\/span><\/p><p style=\"margin-bottom: 6pt;text-align: justify;line-height: normal;background-image: initial;background-position: initial;background-size: initial;background-repeat: initial;background-attachment: initial;font-family: Ubuntu, sans-serif\"><span lang=\"LV\" style=\"font-family: Ubuntu, sans-serif;color: black\">Uurimisprojekti eesm\u00e4rk on<\/span><span lang=\"LV\" style=\"font-family: Ubuntu, sans-serif;color: black\"> Uurimisprojekti eesm\u00e4rk on t\u00f6\u00f6tada v\u00e4lja innovaatiline tehnoloogia (protot\u00fc\u00fcp) lint\u0161abloonide valmistamiseks. Uue tehnoloogia suurimaks eeliseks on selle lihtsus ja kasutusmugavus.  <\/span><\/p><p style=\"margin-bottom: 6pt;text-align: justify;line-height: normal;background-image: initial;background-position: initial;background-size: initial;background-repeat: initial;background-attachment: initial;font-family: Ubuntu, sans-serif\"><span lang=\"LV\" style=\"font-family: Ubuntu, sans-serif;color: black\">Uurimisprojektid on kavandatud ellu viia kuni 31. augustini 2026. Projekti kogumaksumus on planeeritud 288 450,00 eurot, millest 198 530,00 eurot moodustab Euroopa Liidu Taastefondi rahastus.    <\/span><\/p><p style=\"font-family: Ubuntu, sans-serif\"> <\/p><p style=\"margin-bottom: 6pt;text-align: justify;line-height: normal;background-image: initial;background-position: initial;background-size: initial;background-repeat: initial;background-attachment: initial;font-family: Ubuntu, sans-serif\"><span lang=\"LV\" style=\"font-family: Ubuntu, sans-serif;color: black\">Aruandeperioodil (06.2025\u201308.2025.) viidi ellu <\/span><span lang=\"LV\" style=\"font-family: Ubuntu, sans-serif;color: black\">Aruandeperioodil (06.2025\u201308.2025) viidi ellu<br>tegevus \u2013 \u201eP\u00f5him\u00f5tete uurimine ja tehnoloogilise lahenduse projekteerimine\u201c. Tegevuse tulemusel t\u00f6\u00f6tati v\u00e4lja tehnoloogiline projekt. Vastav vahe-eesm\u00e4rk saavutati t\u00e4ielikult. <\/span><\/p><p style=\"margin-bottom: 6pt;text-align: justify;line-height: normal;background-image: initial;background-position: initial;background-size: initial;background-repeat: initial;background-attachment: initial;font-family: Ubuntu, sans-serif\"><span lang=\"LV\" style=\"font-family: Ubuntu, sans-serif;color: black\"> <\/span><\/p><p style=\"margin-bottom: 6pt;text-align: justify;line-height: normal;background-image: initial;background-position: initial;background-size: initial;background-repeat: initial;background-attachment: initial;font-family: Ubuntu, sans-serif\"><span lang=\"LV\" style=\"font-family: Ubuntu, sans-serif;color: black\"> <\/span><\/p>\t\t\t\t\t\t\t\t<\/div>\n\t\t\t\t<\/div>\n\t\t\t\t\t<\/div>\n\t\t<\/div>\n\t\t\t\t\t<\/div>\n\t\t<\/section>\n\t\t<div class=\"elementor-element elementor-element-63e9b79 e-flex e-con-boxed e-con e-parent\" data-id=\"63e9b79\" data-element_type=\"container\">\n\t\t\t\t\t<div class=\"e-con-inner\">\n\t\t\t\t<div class=\"elementor-element elementor-element-10512a1 elementor-widget elementor-widget-image\" data-id=\"10512a1\" data-element_type=\"widget\" data-widget_type=\"image.default\">\n\t\t\t\t<div class=\"elementor-widget-container\">\n\t\t\t\t\t\t\t\t\t\t\t\t\t\t\t<img fetchpriority=\"high\" decoding=\"async\" width=\"800\" height=\"459\" src=\"https:\/\/ircnc.lv\/wp-content\/uploads\/2025\/11\/es_nap-2027-1024x587.png\" class=\"attachment-large size-large wp-image-5367\" alt=\"\" srcset=\"https:\/\/ircnc.lv\/wp-content\/uploads\/2025\/11\/es_nap-2027-1024x587.png 1024w, https:\/\/ircnc.lv\/wp-content\/uploads\/2025\/11\/es_nap-2027-600x344.png 600w, https:\/\/ircnc.lv\/wp-content\/uploads\/2025\/11\/es_nap-2027-300x172.png 300w, https:\/\/ircnc.lv\/wp-content\/uploads\/2025\/11\/es_nap-2027-768x440.png 768w, https:\/\/ircnc.lv\/wp-content\/uploads\/2025\/11\/es_nap-2027.png 1500w\" sizes=\"(max-width: 800px) 100vw, 800px\" \/>\t\t\t\t\t\t\t\t\t\t\t\t\t\t\t<\/div>\n\t\t\t\t<\/div>\n\t\t\t\t\t<\/div>\n\t\t\t\t<\/div>\n\t\t<div class=\"elementor-element elementor-element-cb2490d e-flex e-con-boxed e-con e-parent\" data-id=\"cb2490d\" data-element_type=\"container\">\n\t\t\t\t\t<div class=\"e-con-inner\">\n\t\t\t\t<div class=\"elementor-element elementor-element-c3a38c0 elementor-widget elementor-widget-text-editor\" data-id=\"c3a38c0\" data-element_type=\"widget\" data-widget_type=\"text-editor.default\">\n\t\t\t\t<div class=\"elementor-widget-container\">\n\t\t\t\t\t\t\t\t\t<p>15.07.2025.<\/p><p>L\u00e4ti majanduse elavdamise ja vastupanuv\u00f5ime mehhanismi rakenduskava &#8220;Reform 5.1&#8221; ja investeerimissuund &#8220;Tootlikkuse suurendamine teadus- ja arendustegevusse tehtavate investeeringute suurendamise kaudu&#8221; 5.1.1.r. reform &#8220;Innovatsiooni juhtimine ja stiimulid erasektori teadus- ja arendustegevuse investeeringuteks&#8221; 5.1.1.2.i. investeeringu &#8220;Teadusuuringute ja rahvusvahelistumise toetusvahend&#8221; teise vooru raames, SIA &#8220;MASHINB\u016aVES KOMPETENCES CENTRS&#8221; alates 2024. aastast. 1. juuni kuni 2027 31. Projekti nr 5.1.1.2.i.0\/2\/24\/A\/CFLA\/008 &#8220;Teadusuuringute toetamine masinaehituse kompetentsikeskuses&#8221; rakendatakse 2007. aasta detsembris.<\/p><p>Projekti &#8220;Masinaehituse kompetentsikeskuse toetus teadusuuringutele&#8221; raames on Termokoksne.lv Ltd. ja IR CNC aktsiaselts 2025. 1. Juunis k\u00e4ivitatakse uurimisprojekt nr. J.1.11 <strong>&#8220;Uuendusliku tehnoloogia v\u00e4ljat\u00f6\u00f6tamine lintvormide tootmiseks&#8221;<\/strong>.<\/p><p>Uurimisprojekti eesm\u00e4rk on t\u00f6\u00f6tada v\u00e4lja innovaatiline tehnoloogia (protot\u00fc\u00fcp) lint\u0161abloonide valmistamiseks. Uue tehnoloogia suurimaks eeliseks on selle lihtsus ja kasutusmugavus. Protsess ei n\u00f5ua spetsiifilisi tehnilisi teadmisi ega ehituskogemust, muutes selle k\u00e4ttesaadavaks laiemale kasutajaskonnale. T\u00e4nu sellele saavad lahendust kasutada mitte ainult professionaalsed ehitajad, vaid ka inimesed, kellel puuduvad varasemad teadmised seinte dekoreerimisest. See v\u00f5imaldab oluliselt laiendada kasutusvaldkonda \u2013 alates kommertsehituse ja renoveerimise projektidest kuni individuaalsete kodumajapidamiste parendusteni.    <\/p><p>Uurimisprojektid on kavandatud ellu viia kuni 31. augustini 2026. Projekti kogumaksumus on planeeritud 288 450,00 eurot, millest 198 530,00 eurot moodustab Euroopa Liidu Taastefondi rahastus.    <\/p>\t\t\t\t\t\t\t\t<\/div>\n\t\t\t\t<\/div>\n\t\t\t\t\t<\/div>\n\t\t\t\t<\/div>\n\t\t<div class=\"elementor-element elementor-element-5e73535 e-flex e-con-boxed e-con e-parent\" data-id=\"5e73535\" data-element_type=\"container\">\n\t\t\t\t\t<div class=\"e-con-inner\">\n\t\t\t\t<div class=\"elementor-element elementor-element-7475879 elementor-widget elementor-widget-image\" data-id=\"7475879\" data-element_type=\"widget\" data-widget_type=\"image.default\">\n\t\t\t\t<div class=\"elementor-widget-container\">\n\t\t\t\t\t\t\t\t\t\t\t\t\t\t\t<img fetchpriority=\"high\" decoding=\"async\" width=\"800\" height=\"459\" src=\"https:\/\/ircnc.lv\/wp-content\/uploads\/2025\/11\/es_nap-2027-1024x587.png\" class=\"attachment-large size-large wp-image-5367\" alt=\"\" srcset=\"https:\/\/ircnc.lv\/wp-content\/uploads\/2025\/11\/es_nap-2027-1024x587.png 1024w, https:\/\/ircnc.lv\/wp-content\/uploads\/2025\/11\/es_nap-2027-600x344.png 600w, https:\/\/ircnc.lv\/wp-content\/uploads\/2025\/11\/es_nap-2027-300x172.png 300w, https:\/\/ircnc.lv\/wp-content\/uploads\/2025\/11\/es_nap-2027-768x440.png 768w, https:\/\/ircnc.lv\/wp-content\/uploads\/2025\/11\/es_nap-2027.png 1500w\" sizes=\"(max-width: 800px) 100vw, 800px\" \/>\t\t\t\t\t\t\t\t\t\t\t\t\t\t\t<\/div>\n\t\t\t\t<\/div>\n\t\t\t\t\t<\/div>\n\t\t\t\t<\/div>\n\t\t<div class=\"elementor-element elementor-element-c487b96 e-flex e-con-boxed e-con e-parent\" data-id=\"c487b96\" data-element_type=\"container\">\n\t\t\t\t\t<div class=\"e-con-inner\">\n\t\t\t\t<div class=\"elementor-element elementor-element-0027b76 elementor-widget elementor-widget-text-editor\" data-id=\"0027b76\" data-element_type=\"widget\" data-widget_type=\"text-editor.default\">\n\t\t\t\t<div class=\"elementor-widget-container\">\n\t\t\t\t\t\t\t\t\t<p style=\"color: #000000;font-family: 'Times New Roman';font-size: medium\">25.11.2025<br><br>Projektitoetus digitaalsete oskuste arendamiseks<\/p><p style=\"color: #000000;font-family: 'Times New Roman';font-size: medium\">IR CNC Ltd. on saanud toetust t\u00f6\u00f6tajate digioskuste arendamiseks projekti &#8220;Digitaalsete oskuste arendamine uute toodete ja tehnoloogiate arendamiseks L\u00e4ti ettev\u00f5tetes&#8221; (leping nr 2.3.1.2.i.0\/1\/24\/I\/CFLA\/002) raames, mida rakendab L\u00e4ti digitaalne kiirendi.<\/p><p style=\"color: #000000;font-family: 'Times New Roman';font-size: medium\">Projekti kohta<\/p><p style=\"color: #000000;font-family: 'Times New Roman';font-size: medium\">Projekti eesm\u00e4rk on suurendada L\u00e4ti ettev\u00f5tete konkurentsiv\u00f5imet, arendades nende t\u00f6\u00f6tajate digitaal-, automatiseerimis- ja innovatsioonioskusi.<\/p><p style=\"color: #000000;font-family: 'Times New Roman';font-size: medium\">Projekt pakub ettev\u00f5tetele koolitust erinevates formaatides &#8211; l\u00fchikoolitused, kutsealane t\u00e4iendkoolitus koost\u00f6\u00f6s rahvusvaheliselt tunnustatud k\u00f5rgkoolidega ja veebip\u00f5hine koolitus rahvusvahelistel \u00f5ppeplatvormidel. Lisaks korraldatakse konverentse ja teavitus\u00fcritusi ning toetatakse digitaalse \u00fcmberkujundamise rakendamist ning uute toodete ja teenuste arendamist. <\/p><p style=\"color: #000000;font-family: 'Times New Roman';font-size: medium\">Projekt tugevdab ettev\u00f5tete suutlikkust kasutada digitaaltehnoloogiaid \u00e4riprotsessides, arendada digitaalset juhtimist, automatiseerimist, robootikat ja innovatsiooni ning edendada ekspordi arengut ja j\u00e4tkusuutlikku ettev\u00f5tlust.<\/p>\t\t\t\t\t\t\t\t<\/div>\n\t\t\t\t<\/div>\n\t\t\t\t\t<\/div>\n\t\t\t\t<\/div>\n\t\t<div class=\"elementor-element elementor-element-0bd1168 e-flex e-con-boxed e-con e-parent\" data-id=\"0bd1168\" data-element_type=\"container\">\n\t\t\t\t\t<div class=\"e-con-inner\">\n\t\t\t\t<div class=\"elementor-element elementor-element-93f39ea elementor-widget elementor-widget-image\" data-id=\"93f39ea\" data-element_type=\"widget\" data-widget_type=\"image.default\">\n\t\t\t\t<div class=\"elementor-widget-container\">\n\t\t\t\t\t\t\t\t\t\t\t\t\t\t\t<img decoding=\"async\" width=\"800\" height=\"114\" src=\"https:\/\/ircnc.lv\/wp-content\/uploads\/2026\/01\/Projekta-logo-1024x146.png\" class=\"attachment-large size-large wp-image-7497\" alt=\"\" srcset=\"https:\/\/ircnc.lv\/wp-content\/uploads\/2026\/01\/Projekta-logo-1024x146.png 1024w, https:\/\/ircnc.lv\/wp-content\/uploads\/2026\/01\/Projekta-logo-300x43.png 300w, https:\/\/ircnc.lv\/wp-content\/uploads\/2026\/01\/Projekta-logo-768x109.png 768w, https:\/\/ircnc.lv\/wp-content\/uploads\/2026\/01\/Projekta-logo.png 1200w\" sizes=\"(max-width: 800px) 100vw, 800px\" \/>\t\t\t\t\t\t\t\t\t\t\t\t\t\t\t<\/div>\n\t\t\t\t<\/div>\n\t\t\t\t\t<\/div>\n\t\t\t\t<\/div>\n\t\t\t\t<\/div>\n\t\t","protected":false},"excerpt":{"rendered":"<p>ELi fondid, projektid ja muud liiki toetus ELi fondid, projektid ja muud liiki toetus Praegu viime ellu j\u00e4rgmisi projekte.&nbsp; 15.09.2025. Atvese\u013co\u0161anas fondi tegevusprogrammi \u201eL\u00e4ti taaste- ja vastupidavusmehhanismi plaani\u201c 5.1. reformi ja investeeringute suuna \u201eTootlikkuse suurendamine investeeringute mahu kasvatamise kaudu teadus- ja arendustegevusse\u201c 5.1.1. reformi \u201eInnovatsioonijuhtimine ja erasektori teadus- ja arendustegevuse investeeringute motiveerimine\u201c 5.1.1.2.i investeering \u201eTeadus- [&hellip;]<\/p>\n","protected":false},"author":2,"featured_media":0,"parent":0,"menu_order":0,"comment_status":"closed","ping_status":"closed","template":"","meta":{"footnotes":""},"class_list":["post-6190","page","type-page","status-publish","hentry"],"jetpack_sharing_enabled":true,"_links":{"self":[{"href":"https:\/\/ircnc.lv\/et\/wp-json\/wp\/v2\/pages\/6190","targetHints":{"allow":["GET"]}}],"collection":[{"href":"https:\/\/ircnc.lv\/et\/wp-json\/wp\/v2\/pages"}],"about":[{"href":"https:\/\/ircnc.lv\/et\/wp-json\/wp\/v2\/types\/page"}],"author":[{"embeddable":true,"href":"https:\/\/ircnc.lv\/et\/wp-json\/wp\/v2\/users\/2"}],"replies":[{"embeddable":true,"href":"https:\/\/ircnc.lv\/et\/wp-json\/wp\/v2\/comments?post=6190"}],"version-history":[{"count":2,"href":"https:\/\/ircnc.lv\/et\/wp-json\/wp\/v2\/pages\/6190\/revisions"}],"predecessor-version":[{"id":7503,"href":"https:\/\/ircnc.lv\/et\/wp-json\/wp\/v2\/pages\/6190\/revisions\/7503"}],"wp:attachment":[{"href":"https:\/\/ircnc.lv\/et\/wp-json\/wp\/v2\/media?parent=6190"}],"curies":[{"name":"wp","href":"https:\/\/api.w.org\/{rel}","templated":true}]}}